{"id":42,"date":"2023-11-13T17:56:34","date_gmt":"2023-11-13T16:56:34","guid":{"rendered":"https:\/\/katebutton.com\/?page_id=42"},"modified":"2024-04-24T23:01:54","modified_gmt":"2024-04-24T21:01:54","slug":"strona-glowna","status":"publish","type":"page","link":"https:\/\/katebutton.com\/","title":{"rendered":"Strona g\u0142\u00f3wna"},"content":{"rendered":"\t\t<div data-elementor-type=\"wp-page\" data-elementor-id=\"42\" class=\"elementor elementor-42\">\n\t\t\t\t\t\t\t\t\t<section class=\"elementor-section elementor-top-section elementor-element elementor-element-73afec8 animated-slow elementor-section-boxed elementor-section-height-default elementor-section-height-default elementor-invisible\" data-id=\"73afec8\" data-element_type=\"section\" data-settings=\"{&quot;animation&quot;:&quot;fadeIn&quot;,&quot;_ha_eqh_enable&quot;:false}\">\n\t\t\t\t\t\t<div class=\"elementor-container elementor-column-gap-default\">\n\t\t\t\t\t<div class=\"elementor-column elementor-col-50 elementor-top-column elementor-element elementor-element-2fd158e\" data-id=\"2fd158e\" data-element_type=\"column\">\n\t\t\t<div class=\"elementor-widget-wrap elementor-element-populated\">\n\t\t\t\t\t\t\t\t<div class=\"elementor-element elementor-element-ff01b45 elementor-hidden-mobile animated-slow elementor-invisible elementor-widget elementor-widget-image\" data-id=\"ff01b45\" data-element_type=\"widget\" data-settings=\"{&quot;_animation&quot;:&quot;fadeInLeft&quot;}\" data-widget_type=\"image.default\">\n\t\t\t\t<div class=\"elementor-widget-container\">\n\t\t\t<style>\/*! elementor - v3.17.0 - 08-11-2023 *\/\n.elementor-widget-image{text-align:center}.elementor-widget-image a{display:inline-block}.elementor-widget-image a img[src$=\".svg\"]{width:48px}.elementor-widget-image img{vertical-align:middle;display:inline-block}<\/style>\t\t\t\t\t\t\t\t\t\t\t\t<img decoding=\"async\" src=\"https:\/\/katebutton.com\/wp-content\/uploads\/elementor\/thumbs\/28A498311-scaled-qj2vsl29jdah77wpbfpp7f0bpy00tbo3osljdamebk.jpg\" title=\"\" alt=\"\" loading=\"lazy\" \/>\t\t\t\t\t\t\t\t\t\t\t\t\t\t\t<\/div>\n\t\t\t\t<\/div>\n\t\t\t\t\t<\/div>\n\t\t<\/div>\n\t\t\t\t<div class=\"elementor-column elementor-col-50 elementor-top-column elementor-element elementor-element-c7e6522\" data-id=\"c7e6522\" data-element_type=\"column\">\n\t\t\t<div class=\"elementor-widget-wrap elementor-element-populated\">\n\t\t\t\t\t\t\t\t<div class=\"elementor-element elementor-element-a06a595 animated-slow elementor-widget__width-initial elementor-widget-mobile__width-inherit elementor-invisible elementor-widget elementor-widget-image\" data-id=\"a06a595\" data-element_type=\"widget\" data-settings=\"{&quot;_animation&quot;:&quot;fadeInRight&quot;}\" data-widget_type=\"image.default\">\n\t\t\t\t<div class=\"elementor-widget-container\">\n\t\t\t\t\t\t\t\t\t\t\t\t\t\t\t<img loading=\"lazy\" decoding=\"async\" width=\"1006\" height=\"172\" src=\"https:\/\/katebutton.com\/wp-content\/uploads\/2024\/03\/witaj1.png\" class=\"attachment-large size-large wp-image-1410\" alt=\"\" srcset=\"https:\/\/katebutton.com\/wp-content\/uploads\/2024\/03\/witaj1.png 1006w, https:\/\/katebutton.com\/wp-content\/uploads\/2024\/03\/witaj1-300x51.png 300w, https:\/\/katebutton.com\/wp-content\/uploads\/2024\/03\/witaj1-768x131.png 768w\" sizes=\"auto, (max-width: 1006px) 100vw, 1006px\" \/>\t\t\t\t\t\t\t\t\t\t\t\t\t\t\t<\/div>\n\t\t\t\t<\/div>\n\t\t\t\t<div class=\"elementor-element elementor-element-5f24e83 animated-slow elementor-invisible elementor-widget elementor-widget-text-editor\" data-id=\"5f24e83\" data-element_type=\"widget\" data-settings=\"{&quot;_animation&quot;:&quot;fadeInRight&quot;,&quot;_animation_delay&quot;:500}\" data-widget_type=\"text-editor.default\">\n\t\t\t\t<div class=\"elementor-widget-container\">\n\t\t\t<style>\/*! elementor - v3.17.0 - 08-11-2023 *\/\n.elementor-widget-text-editor.elementor-drop-cap-view-stacked .elementor-drop-cap{background-color:#69727d;color:#fff}.elementor-widget-text-editor.elementor-drop-cap-view-framed .elementor-drop-cap{color:#69727d;border:3px solid;background-color:transparent}.elementor-widget-text-editor:not(.elementor-drop-cap-view-default) .elementor-drop-cap{margin-top:8px}.elementor-widget-text-editor:not(.elementor-drop-cap-view-default) .elementor-drop-cap-letter{width:1em;height:1em}.elementor-widget-text-editor .elementor-drop-cap{float:left;text-align:center;line-height:1;font-size:50px}.elementor-widget-text-editor .elementor-drop-cap-letter{display:inline-block}<\/style>\t\t\t\t<h2><strong>A CO, JE\u015aLI SI\u0118 UDA?<\/strong><\/h2>\t\t\t\t\t\t<\/div>\n\t\t\t\t<\/div>\n\t\t\t\t<div class=\"elementor-element elementor-element-e2e30c7 animated-slow elementor-invisible elementor-widget elementor-widget-text-editor\" data-id=\"e2e30c7\" data-element_type=\"widget\" data-settings=\"{&quot;_animation&quot;:&quot;fadeInLeft&quot;,&quot;_animation_delay&quot;:600}\" data-widget_type=\"text-editor.default\">\n\t\t\t\t<div class=\"elementor-widget-container\">\n\t\t\t\t\t\t\t<h4><span class=\"OYPEnA text-decoration-none text-strikethrough-none\">CO CZUJESZ S\u0141YSZ\u0104C TO PYTANIE?<\/span><\/h4>\t\t\t\t\t\t<\/div>\n\t\t\t\t<\/div>\n\t\t\t\t<div class=\"elementor-element elementor-element-15aed5f elementor-widget__width-initial animated-slow elementor-widget-mobile__width-inherit elementor-invisible elementor-widget elementor-widget-text-editor\" data-id=\"15aed5f\" data-element_type=\"widget\" data-settings=\"{&quot;_animation&quot;:&quot;fadeInRight&quot;,&quot;_animation_delay&quot;:700}\" data-widget_type=\"text-editor.default\">\n\t\t\t\t<div class=\"elementor-widget-container\">\n\t\t\t\t\t\t\t<p class=\"cvGsUA direction-ltr align-start para-style-body\"><em><strong><span class=\"OYPEnA text-decoration-none text-strikethrough-none\">Prowadz\u0119 Kobiety w biznesie, kt\u00f3re daj\u0105 z siebie zbyt du\u017co, <br \/><\/span><\/strong><span class=\"OYPEnA text-decoration-none text-strikethrough-none\">maj\u0105c poczucie, \u017ce musz\u0105 zas\u0142u\u017cy\u0107 na sukces, <br \/><\/span><span class=\"OYPEnA text-decoration-none text-strikethrough-none\">na bycie docenion\u0105, na uznanie, <br \/><\/span><strong><span class=\"OYPEnA text-decoration-none text-strikethrough-none\">aby odnalaz\u0142y balans, swoj\u0105 warto\u015b\u0107 i spok\u00f3j, <br \/><\/span><\/strong><span class=\"OYPEnA text-decoration-none text-strikethrough-none\">\u017ce dobrze zorganizowany biznes lub awans <br \/><\/span><span class=\"OYPEnA text-decoration-none text-strikethrough-none\">jest dla nich osi\u0105galny.<\/span><\/em><\/p><p><em>z mi\u0142o\u015bci\u0105 <b style=\"color: var( --e-global-color-nvtextcolor ); background-color: var(--nv-site-bg); letter-spacing: var(--bodyletterspacing); text-transform: var(--bodytexttransform);\"><img decoding=\"async\" class=\"emoji\" role=\"img\" draggable=\"false\" src=\"https:\/\/s.w.org\/images\/core\/emoji\/14.0.0\/svg\/2764.svg\" alt=\"\u2764\" \/><\/b><\/em><\/p>\t\t\t\t\t\t<\/div>\n\t\t\t\t<\/div>\n\t\t\t\t<section class=\"elementor-section elementor-inner-section elementor-element elementor-element-39b4720 elementor-section-boxed elementor-section-height-default elementor-section-height-default\" data-id=\"39b4720\" data-element_type=\"section\" data-settings=\"{&quot;_ha_eqh_enable&quot;:false}\">\n\t\t\t\t\t\t<div class=\"elementor-container elementor-column-gap-default\">\n\t\t\t\t\t<div class=\"elementor-column elementor-col-50 elementor-inner-column elementor-element elementor-element-ec300fb\" data-id=\"ec300fb\" data-element_type=\"column\">\n\t\t\t<div class=\"elementor-widget-wrap elementor-element-populated\">\n\t\t\t\t\t\t\t\t<div class=\"elementor-element elementor-element-201c874 animated-slow elementor-invisible elementor-widget elementor-widget-image\" data-id=\"201c874\" data-element_type=\"widget\" data-settings=\"{&quot;_animation&quot;:&quot;fadeIn&quot;,&quot;_animation_delay&quot;:950}\" data-widget_type=\"image.default\">\n\t\t\t\t<div class=\"elementor-widget-container\">\n\t\t\t\t\t\t\t\t\t\t\t\t\t\t\t<img decoding=\"async\" src=\"https:\/\/katebutton.com\/wp-content\/uploads\/elementor\/thumbs\/kasia-kate-1-qn76firn73nr51b7um6dh70j2ix7kzk0w3ih6r66aw.png\" title=\"\" alt=\"\" loading=\"lazy\" \/>\t\t\t\t\t\t\t\t\t\t\t\t\t\t\t<\/div>\n\t\t\t\t<\/div>\n\t\t\t\t\t<\/div>\n\t\t<\/div>\n\t\t\t\t<div class=\"elementor-column elementor-col-50 elementor-inner-column elementor-element elementor-element-0bbf9a6\" data-id=\"0bbf9a6\" data-element_type=\"column\">\n\t\t\t<div class=\"elementor-widget-wrap elementor-element-populated\">\n\t\t\t\t\t\t\t\t<div class=\"elementor-element elementor-element-1df71d9 e-transform animated-slow elementor-invisible elementor-widget elementor-widget-image\" data-id=\"1df71d9\" data-element_type=\"widget\" data-settings=\"{&quot;_animation&quot;:&quot;tada&quot;,&quot;_animation_delay&quot;:1300,&quot;_transform_scale_effect_hover&quot;:{&quot;unit&quot;:&quot;px&quot;,&quot;size&quot;:1.1,&quot;sizes&quot;:[]},&quot;_transform_scale_effect_hover_tablet&quot;:{&quot;unit&quot;:&quot;px&quot;,&quot;size&quot;:&quot;&quot;,&quot;sizes&quot;:[]},&quot;_transform_scale_effect_hover_mobile&quot;:{&quot;unit&quot;:&quot;px&quot;,&quot;size&quot;:&quot;&quot;,&quot;sizes&quot;:[]}}\" data-widget_type=\"image.default\">\n\t\t\t\t<div class=\"elementor-widget-container\">\n\t\t\t\t\t\t\t\t\t\t\t\t\t\t\t\t<a href=\"https:\/\/calendly.com\/coach_kate_button\/\">\n\t\t\t\t\t\t\t<img loading=\"lazy\" decoding=\"async\" width=\"666\" height=\"138\" src=\"https:\/\/katebutton.com\/wp-content\/uploads\/2024\/02\/przycisk-kalen.png\" class=\"attachment-large size-large wp-image-1067\" alt=\"\" srcset=\"https:\/\/katebutton.com\/wp-content\/uploads\/2024\/02\/przycisk-kalen.png 666w, https:\/\/katebutton.com\/wp-content\/uploads\/2024\/02\/przycisk-kalen-300x62.png 300w\" sizes=\"auto, (max-width: 666px) 100vw, 666px\" \/>\t\t\t\t\t\t\t\t<\/a>\n\t\t\t\t\t\t\t\t\t\t\t\t\t\t\t<\/div>\n\t\t\t\t<\/div>\n\t\t\t\t\t<\/div>\n\t\t<\/div>\n\t\t\t\t\t\t\t<\/div>\n\t\t<\/section>\n\t\t\t\t\t<\/div>\n\t\t<\/div>\n\t\t\t\t\t\t\t<\/div>\n\t\t<\/section>\n\t\t\t\t<section class=\"elementor-section elementor-top-section elementor-element elementor-element-ca0aad8 elementor-hidden-mobile elementor-section-boxed elementor-section-height-default elementor-section-height-default\" data-id=\"ca0aad8\" data-element_type=\"section\" data-settings=\"{&quot;_ha_eqh_enable&quot;:false}\">\n\t\t\t\t\t\t<div class=\"elementor-container elementor-column-gap-default\">\n\t\t\t\t\t<div class=\"elementor-column elementor-col-100 elementor-top-column elementor-element elementor-element-019058b\" data-id=\"019058b\" data-element_type=\"column\">\n\t\t\t<div class=\"elementor-widget-wrap elementor-element-populated\">\n\t\t\t\t\t\t\t\t<div class=\"elementor-element elementor-element-3050178 elementor-hidden-desktop elementor-hidden-tablet elementor-widget elementor-widget-image\" data-id=\"3050178\" data-element_type=\"widget\" data-widget_type=\"image.default\">\n\t\t\t\t<div class=\"elementor-widget-container\">\n\t\t\t\t\t\t\t\t\t\t\t\t\t\t\t<img decoding=\"async\" src=\"https:\/\/katebutton.com\/wp-content\/uploads\/elementor\/thumbs\/28A492431-scaled-qj2vulfu5m1fxvippl9hbzktdueg0u9741qcx0c3cw.jpg\" title=\"\" alt=\"\" loading=\"lazy\" \/>\t\t\t\t\t\t\t\t\t\t\t\t\t\t\t<\/div>\n\t\t\t\t<\/div>\n\t\t\t\t\t<\/div>\n\t\t<\/div>\n\t\t\t\t\t\t\t<\/div>\n\t\t<\/section>\n\t\t\t\t<section class=\"elementor-section elementor-top-section elementor-element elementor-element-5b0e4a9 elementor-section-boxed elementor-section-height-default elementor-section-height-default\" data-id=\"5b0e4a9\" data-element_type=\"section\" data-settings=\"{&quot;_ha_eqh_enable&quot;:false}\">\n\t\t\t\t\t\t<div class=\"elementor-container elementor-column-gap-default\">\n\t\t\t\t\t<div class=\"elementor-column elementor-col-100 elementor-top-column elementor-element elementor-element-94220c9\" data-id=\"94220c9\" data-element_type=\"column\">\n\t\t\t<div class=\"elementor-widget-wrap elementor-element-populated\">\n\t\t\t\t\t\t\t\t<div class=\"elementor-element elementor-element-45ec159 elementor-hidden-desktop elementor-hidden-tablet elementor-invisible elementor-widget elementor-widget-image\" data-id=\"45ec159\" data-element_type=\"widget\" data-settings=\"{&quot;_animation_mobile&quot;:&quot;fadeInLeft&quot;,&quot;_animation&quot;:&quot;fadeInLeft&quot;,&quot;_animation_delay&quot;:800}\" data-widget_type=\"image.default\">\n\t\t\t\t<div class=\"elementor-widget-container\">\n\t\t\t\t\t\t\t\t\t\t\t\t\t\t\t<img decoding=\"async\" src=\"https:\/\/katebutton.com\/wp-content\/uploads\/elementor\/thumbs\/28A498311-scaled-qj2vsl29jdad3wfug7z7hzubn6b6k59v63hyypbeo0.jpg\" title=\"\" alt=\"\" loading=\"lazy\" \/>\t\t\t\t\t\t\t\t\t\t\t\t\t\t\t<\/div>\n\t\t\t\t<\/div>\n\t\t\t\t\t<\/div>\n\t\t<\/div>\n\t\t\t\t\t\t\t<\/div>\n\t\t<\/section>\n\t\t\t\t<section class=\"elementor-section elementor-top-section elementor-element elementor-element-c480618 elementor-section-boxed elementor-section-height-default elementor-section-height-default\" data-id=\"c480618\" data-element_type=\"section\" data-settings=\"{&quot;_ha_eqh_enable&quot;:false}\">\n\t\t\t\t\t\t<div class=\"elementor-container elementor-column-gap-default\">\n\t\t\t\t\t<div class=\"elementor-column elementor-col-50 elementor-top-column elementor-element elementor-element-981a649\" data-id=\"981a649\" data-element_type=\"column\">\n\t\t\t<div class=\"elementor-widget-wrap elementor-element-populated\">\n\t\t\t\t\t\t\t\t<div class=\"elementor-element elementor-element-18dc037 animated-slow elementor-invisible elementor-widget elementor-widget-text-editor\" data-id=\"18dc037\" data-element_type=\"widget\" data-settings=\"{&quot;_animation&quot;:&quot;fadeInLeft&quot;,&quot;_animation_delay&quot;:100}\" data-widget_type=\"text-editor.default\">\n\t\t\t\t<div class=\"elementor-widget-container\">\n\t\t\t\t\t\t\t<h4><span class=\"OYPEnA text-decoration-none text-strikethrough-none\">Nazywam si\u0119<\/span><\/h4>\t\t\t\t\t\t<\/div>\n\t\t\t\t<\/div>\n\t\t\t\t<div class=\"elementor-element elementor-element-da4231a animated-slow elementor-invisible elementor-widget elementor-widget-text-editor\" data-id=\"da4231a\" data-element_type=\"widget\" data-settings=\"{&quot;_animation&quot;:&quot;fadeInLeft&quot;,&quot;_animation_delay&quot;:400}\" data-widget_type=\"text-editor.default\">\n\t\t\t\t<div class=\"elementor-widget-container\">\n\t\t\t\t\t\t\t<h2 style=\"font-size: var(--h2fontsize); font-weight: var(--h2fontweight); font-family: 'LOVELO BLACK', sans-serif; line-height: var(--h2lineheight); letter-spacing: normal; text-transform: none;\"><span class=\"OYPEnA text-decoration-none text-strikethrough-none\">Kasia Guzik<\/span><\/h2>\t\t\t\t\t\t<\/div>\n\t\t\t\t<\/div>\n\t\t\t\t<div class=\"elementor-element elementor-element-cbae6c4 animated-slow elementor-invisible elementor-widget elementor-widget-text-editor\" data-id=\"cbae6c4\" data-element_type=\"widget\" data-settings=\"{&quot;_animation&quot;:&quot;fadeInLeft&quot;,&quot;_animation_delay&quot;:600}\" data-widget_type=\"text-editor.default\">\n\t\t\t\t<div class=\"elementor-widget-container\">\n\t\t\t\t\t\t\t<p><strong><span class=\"OYPEnA text-decoration-none text-strikethrough-none\">..<\/span><span class=\"OYPEnA text-decoration-none text-strikethrough-none\">. ale od ponad 10 lat m\u00f3wi\u0105 do mnie Pani Kate<\/span><span class=\"OYPEnA text-decoration-none text-strikethrough-none\">.<\/span>\u00a0<\/strong><\/p>\t\t\t\t\t\t<\/div>\n\t\t\t\t<\/div>\n\t\t\t\t<div class=\"elementor-element elementor-element-c2debbf elementor-widget__width-initial animated-slow elementor-invisible elementor-widget elementor-widget-text-editor\" data-id=\"c2debbf\" data-element_type=\"widget\" data-settings=\"{&quot;_animation&quot;:&quot;fadeInLeft&quot;,&quot;_animation_delay&quot;:1000}\" data-widget_type=\"text-editor.default\">\n\t\t\t\t<div class=\"elementor-widget-container\">\n\t\t\t\t\t\t\t<p class=\"cvGsUA direction-ltr align-start para-style-body\"><em><strong><span class=\"OYPEnA text-decoration-none text-strikethrough-none\">Jestem Business &amp; Life Coachem<\/span><\/strong><span class=\"OYPEnA text-decoration-none text-strikethrough-none\">, Coachem Kobiet, w\u0142a\u015bcicielk\u0105 swojej firmy oraz Dyrektorem Zarz\u0105dzaj\u0105cym w kilku innych.<br \/><\/span><span class=\"OYPEnA text-decoration-none text-strikethrough-none\">Od prawie 20 lat pracuj\u0119 w ma\u0142ych i \u015brednich przedsi\u0119biorstwach.<\/span><\/em><\/p><p class=\"cvGsUA direction-ltr align-start para-style-body\"><em><strong><span class=\"OYPEnA text-decoration-none text-strikethrough-none\">Uko\u0144czy\u0142am szereg szkole\u0144 biznesowych i nie tylko.<\/span><\/strong><span class=\"OYPEnA text-decoration-none text-strikethrough-none\"> Ca\u0142y czas si\u0119 ucz\u0119, do\u015bwiadczam, a moj\u0105 mentork\u0105 jest Maya Ori. Jestem absolwentk\u0105 jej dw\u00f3ch Akademii, Akademii Excellence 2022 dla \u015awiadomych Kobiet oraz jedynej w swoim rodzaju Akademii Coach\u00f3w. Obie Akademie nada\u0142y szlif moim warto\u015bciom i dope\u0142ni\u0142y moje umiej\u0119tno\u015bci. Dzi\u0119ki nim zrobi\u0142am skok kwantowy w \u017cyciu osobistym i biznesowym.<\/span><\/em><\/p><p class=\"cvGsUA direction-ltr align-start para-style-body\"><em><span class=\"OYPEnA text-decoration-none text-strikethrough-none\"><strong>Zarz\u0105dzam \u0142\u0105cz\u0105c m\u0119sk\u0105 i \u017ce\u0144sk\u0105 energi\u0119<\/strong>, <\/span><span class=\"OYPEnA text-decoration-none text-strikethrough-none\">buduj\u0119 mocne struktury przedsi\u0119biorstw, nadaj\u0105c im jednocze\u015bnie warto\u015b\u0107 i lekko\u015b\u0107.<\/span><\/em><\/p>\t\t\t\t\t\t<\/div>\n\t\t\t\t<\/div>\n\t\t\t\t\t<\/div>\n\t\t<\/div>\n\t\t\t\t<div class=\"elementor-column elementor-col-50 elementor-top-column elementor-element elementor-element-7b2c2ce\" data-id=\"7b2c2ce\" data-element_type=\"column\">\n\t\t\t<div class=\"elementor-widget-wrap elementor-element-populated\">\n\t\t\t\t\t\t\t\t<div class=\"elementor-element elementor-element-bd31d57 animated-slow elementor-invisible elementor-widget elementor-widget-image\" data-id=\"bd31d57\" data-element_type=\"widget\" data-settings=\"{&quot;_animation_mobile&quot;:&quot;fadeInLeft&quot;,&quot;_animation&quot;:&quot;fadeInRight&quot;,&quot;_animation_delay&quot;:600}\" data-widget_type=\"image.default\">\n\t\t\t\t<div class=\"elementor-widget-container\">\n\t\t\t\t\t\t\t\t\t\t\t\t\t\t\t<img decoding=\"async\" src=\"https:\/\/katebutton.com\/wp-content\/uploads\/elementor\/thumbs\/28A492431-scaled-qj2vulfu5m1fxvippl9hbzktdueg0u9741qcx0c3cw.jpg\" title=\"\" alt=\"\" loading=\"lazy\" \/>\t\t\t\t\t\t\t\t\t\t\t\t\t\t\t<\/div>\n\t\t\t\t<\/div>\n\t\t\t\t\t<\/div>\n\t\t<\/div>\n\t\t\t\t\t\t\t<\/div>\n\t\t<\/section>\n\t\t\t\t<section class=\"elementor-section elementor-top-section elementor-element elementor-element-40b4d79 animated-slow elementor-section-boxed elementor-section-height-default elementor-section-height-default elementor-invisible\" data-id=\"40b4d79\" data-element_type=\"section\" data-settings=\"{&quot;animation&quot;:&quot;zoomIn&quot;,&quot;background_background&quot;:&quot;classic&quot;,&quot;_ha_eqh_enable&quot;:false}\">\n\t\t\t\t\t\t<div class=\"elementor-container elementor-column-gap-default\">\n\t\t\t\t\t<div class=\"elementor-column elementor-col-100 elementor-top-column elementor-element elementor-element-fd37ac1\" data-id=\"fd37ac1\" data-element_type=\"column\">\n\t\t\t<div class=\"elementor-widget-wrap elementor-element-populated\">\n\t\t\t\t\t\t\t\t<div class=\"elementor-element elementor-element-415285a elementor-widget__width-initial elementor-widget elementor-widget-image\" data-id=\"415285a\" data-element_type=\"widget\" data-widget_type=\"image.default\">\n\t\t\t\t<div class=\"elementor-widget-container\">\n\t\t\t\t\t\t\t\t\t\t\t\t\t\t\t<img decoding=\"async\" src=\"https:\/\/katebutton.com\/wp-content\/uploads\/elementor\/thumbs\/Witaj-ql2kh9h8gekv3qlf3llxm5j8h7jbm0pdto58k1qznm.png\" title=\"\" alt=\"\" loading=\"lazy\" \/>\t\t\t\t\t\t\t\t\t\t\t\t\t\t\t<\/div>\n\t\t\t\t<\/div>\n\t\t\t\t<div class=\"elementor-element elementor-element-dee42d5 elementor-widget__width-initial elementor-widget elementor-widget-text-editor\" data-id=\"dee42d5\" data-element_type=\"widget\" data-widget_type=\"text-editor.default\">\n\t\t\t\t<div class=\"elementor-widget-container\">\n\t\t\t\t\t\t\t<p class=\"cvGsUA direction-ltr align-center para-style-body\"><em><span class=\"OYPEnA text-decoration-none text-strikethrough-none\">Jedyne<\/span><span class=\"OYPEnA text-decoration-none text-strikethrough-none\"> czego potrzebujesz<br \/><\/span><span class=\"OYPEnA text-decoration-none text-strikethrough-none\">do pracy ze mn\u0105<br \/><\/span><span class=\"OYPEnA text-decoration-none text-strikethrough-none\">to zaufanie do procesu<br \/><\/span><span class=\"OYPEnA text-decoration-none text-strikethrough-none\">i prawdziwe pragnienie zmian.<\/span><\/em><\/p>\t\t\t\t\t\t<\/div>\n\t\t\t\t<\/div>\n\t\t\t\t<div class=\"elementor-element elementor-element-4d7ab11 elementor-widget__width-initial elementor-invisible elementor-widget elementor-widget-text-editor\" data-id=\"4d7ab11\" data-element_type=\"widget\" data-settings=\"{&quot;_animation&quot;:&quot;bounceIn&quot;,&quot;_animation_delay&quot;:1000}\" data-widget_type=\"text-editor.default\">\n\t\t\t\t<div class=\"elementor-widget-container\">\n\t\t\t\t\t\t\t<p class=\"cvGsUA direction-ltr align-center para-style-body\"><em><span class=\"OYPEnA text-decoration-none text-strikethrough-none\">z mi\u0142o\u015bci\u0105 <\/span><b style=\"color: var( --e-global-color-nvtextcolor ); background-color: var(--nv-site-bg); letter-spacing: var(--bodyletterspacing); text-transform: var(--bodytexttransform);\"><img decoding=\"async\" class=\"emoji\" role=\"img\" draggable=\"false\" src=\"https:\/\/s.w.org\/images\/core\/emoji\/14.0.0\/svg\/2764.svg\" alt=\"\u2764\" \/><\/b><\/em><\/p>\t\t\t\t\t\t<\/div>\n\t\t\t\t<\/div>\n\t\t\t\t<div class=\"elementor-element elementor-element-1def1cd elementor-widget elementor-widget-image\" data-id=\"1def1cd\" data-element_type=\"widget\" data-widget_type=\"image.default\">\n\t\t\t\t<div class=\"elementor-widget-container\">\n\t\t\t\t\t\t\t\t\t\t\t\t\t\t\t<img decoding=\"async\" src=\"https:\/\/katebutton.com\/wp-content\/uploads\/elementor\/thumbs\/kate-ql2kcdpc14u619q2f6dskcnztrruwjcoxkbtx1i7om.png\" title=\"\" alt=\"\" loading=\"lazy\" \/>\t\t\t\t\t\t\t\t\t\t\t\t\t\t\t<\/div>\n\t\t\t\t<\/div>\n\t\t\t\t\t<\/div>\n\t\t<\/div>\n\t\t\t\t\t\t\t<\/div>\n\t\t<\/section>\n\t\t\t\t\t\t\t<\/div>\n\t\t","protected":false},"excerpt":{"rendered":"<p>A CO, JE\u015aLI SI\u0118 UDA? CO CZUJESZ S\u0141YSZ\u0104C TO PYTANIE? Prowadz\u0119 Kobiety w biznesie, kt\u00f3re daj\u0105 z siebie zbyt du\u017co, maj\u0105c poczucie, \u017ce musz\u0105 zas\u0142u\u017cy\u0107 na sukces, na bycie docenion\u0105, na uznanie, aby odnalaz\u0142y balans, swoj\u0105 warto\u015b\u0107 i spok\u00f3j, \u017ce dobrze zorganizowany biznes lub awans jest dla nich osi\u0105galny. z mi\u0142o\u015bci\u0105 Nazywam si\u0119 Kasia Guzik&hellip;&nbsp;<a href=\"https:\/\/katebutton.com\/\" class=\"\" rel=\"bookmark\">Czytaj dalej &raquo;<span class=\"screen-reader-text\">Strona g\u0142\u00f3wna<\/span><\/a><\/p>\n","protected":false},"author":1,"featured_media":0,"parent":0,"menu_order":0,"comment_status":"closed","ping_status":"closed","template":"page-templates\/template-pagebuilder-full-width.php","meta":{"neve_meta_sidebar":"","neve_meta_container":"","neve_meta_enable_content_width":"","neve_meta_content_width":0,"neve_meta_title_alignment":"","neve_meta_author_avatar":"","neve_post_elements_order":"","neve_meta_disable_header":"","neve_meta_disable_footer":"","neve_meta_disable_title":"","_themeisle_gutenberg_block_has_review":false,"footnotes":""},"class_list":["post-42","page","type-page","status-publish","hentry"],"_links":{"self":[{"href":"https:\/\/katebutton.com\/index.php?rest_route=\/wp\/v2\/pages\/42","targetHints":{"allow":["GET"]}}],"collection":[{"href":"https:\/\/katebutton.com\/index.php?rest_route=\/wp\/v2\/pages"}],"about":[{"href":"https:\/\/katebutton.com\/index.php?rest_route=\/wp\/v2\/types\/page"}],"author":[{"embeddable":true,"href":"https:\/\/katebutton.com\/index.php?rest_route=\/wp\/v2\/users\/1"}],"replies":[{"embeddable":true,"href":"https:\/\/katebutton.com\/index.php?rest_route=%2Fwp%2Fv2%2Fcomments&post=42"}],"version-history":[{"count":498,"href":"https:\/\/katebutton.com\/index.php?rest_route=\/wp\/v2\/pages\/42\/revisions"}],"predecessor-version":[{"id":1756,"href":"https:\/\/katebutton.com\/index.php?rest_route=\/wp\/v2\/pages\/42\/revisions\/1756"}],"wp:attachment":[{"href":"https:\/\/katebutton.com\/index.php?rest_route=%2Fwp%2Fv2%2Fmedia&parent=42"}],"curies":[{"name":"wp","href":"https:\/\/api.w.org\/{rel}","templated":true}]}}