{"id":79,"date":"2023-11-14T17:30:55","date_gmt":"2023-11-14T16:30:55","guid":{"rendered":"https:\/\/katebutton.com\/?page_id=79"},"modified":"2024-04-24T23:09:23","modified_gmt":"2024-04-24T21:09:23","slug":"twoj-proces","status":"publish","type":"page","link":"https:\/\/katebutton.com\/?page_id=79","title":{"rendered":"Tw\u00f3j proces"},"content":{"rendered":"\t\t<div data-elementor-type=\"wp-page\" data-elementor-id=\"79\" class=\"elementor elementor-79\">\n\t\t\t\t\t\t\t\t\t<section class=\"elementor-section elementor-top-section elementor-element elementor-element-f71e950 elementor-section-boxed elementor-section-height-default elementor-section-height-default\" data-id=\"f71e950\" data-element_type=\"section\" data-settings=\"{&quot;_ha_eqh_enable&quot;:false}\">\n\t\t\t\t\t\t<div class=\"elementor-container elementor-column-gap-default\">\n\t\t\t\t\t<div class=\"elementor-column elementor-col-33 elementor-top-column elementor-element elementor-element-d2fb317\" data-id=\"d2fb317\" data-element_type=\"column\">\n\t\t\t<div class=\"elementor-widget-wrap elementor-element-populated\">\n\t\t\t\t\t\t\t\t<div class=\"elementor-element elementor-element-d458383 elementor-invisible elementor-widget elementor-widget-text-editor\" data-id=\"d458383\" data-element_type=\"widget\" data-settings=\"{&quot;_animation&quot;:&quot;fadeInLeft&quot;}\" data-widget_type=\"text-editor.default\">\n\t\t\t\t<div class=\"elementor-widget-container\">\n\t\t\t<style>\/*! elementor - v3.17.0 - 08-11-2023 *\/\n.elementor-widget-text-editor.elementor-drop-cap-view-stacked .elementor-drop-cap{background-color:#69727d;color:#fff}.elementor-widget-text-editor.elementor-drop-cap-view-framed .elementor-drop-cap{color:#69727d;border:3px solid;background-color:transparent}.elementor-widget-text-editor:not(.elementor-drop-cap-view-default) .elementor-drop-cap{margin-top:8px}.elementor-widget-text-editor:not(.elementor-drop-cap-view-default) .elementor-drop-cap-letter{width:1em;height:1em}.elementor-widget-text-editor .elementor-drop-cap{float:left;text-align:center;line-height:1;font-size:50px}.elementor-widget-text-editor .elementor-drop-cap-letter{display:inline-block}<\/style>\t\t\t\t<h4 class=\"cvGsUA direction-ltr align-start para-style-body\"><span class=\"OYPEnA text-decoration-none text-strikethrough-none\">Kto ze mn\u0105<\/span><\/h4>\t\t\t\t\t\t<\/div>\n\t\t\t\t<\/div>\n\t\t\t\t<div class=\"elementor-element elementor-element-155bda9 elementor-invisible elementor-widget elementor-widget-text-editor\" data-id=\"155bda9\" data-element_type=\"widget\" data-settings=\"{&quot;_animation&quot;:&quot;fadeInLeft&quot;}\" data-widget_type=\"text-editor.default\">\n\t\t\t\t<div class=\"elementor-widget-container\">\n\t\t\t\t\t\t\t<h2>PRACUJE?<\/h2>\t\t\t\t\t\t<\/div>\n\t\t\t\t<\/div>\n\t\t\t\t<div class=\"elementor-element elementor-element-437cda5 elementor-invisible elementor-widget elementor-widget-text-editor\" data-id=\"437cda5\" data-element_type=\"widget\" data-settings=\"{&quot;_animation&quot;:&quot;fadeInLeft&quot;}\" data-widget_type=\"text-editor.default\">\n\t\t\t\t<div class=\"elementor-widget-container\">\n\t\t\t\t\t\t\t<p class=\"cvGsUA direction-ltr align-start para-style-body\"><span class=\"OYPEnA text-decoration-none text-strikethrough-none\">KOBIETA BIZNESU<\/span><\/p>\t\t\t\t\t\t<\/div>\n\t\t\t\t<\/div>\n\t\t\t\t<div class=\"elementor-element elementor-element-8ab7b80 animated-slow elementor-invisible elementor-widget elementor-widget-text-editor\" data-id=\"8ab7b80\" data-element_type=\"widget\" data-settings=\"{&quot;_animation&quot;:&quot;fadeInLeft&quot;,&quot;_animation_mobile&quot;:&quot;fadeIn&quot;,&quot;_animation_delay&quot;:300}\" data-widget_type=\"text-editor.default\">\n\t\t\t\t<div class=\"elementor-widget-container\">\n\t\t\t\t\t\t\t<p><em><span class=\"OYPEnA text-decoration-none text-strikethrough-none\"><b><strong>Kobieta Szefowa wszystkich Szef\u00f3w,<\/strong><\/b><\/span>\u00a0<br \/>kt\u00f3ra ma wyzwanie z zarz\u0105dzaniem w\u0142asn\u0105 firm\u0105, swoim zespo\u0142em i u\u0142o\u017ceniem dobrze funkcjonuj\u0105cej struktury.<\/em><\/p><p><em><span class=\"OYPEnA text-decoration-none text-strikethrough-none\"><b><strong>Kobieta, kt\u00f3ra chce tworzy\u0107<\/strong><\/b><\/span> mocne <br \/>i trwa\u0142e <span class=\"OYPEnA text-decoration-none text-strikethrough-none\"><b><strong>zespo\u0142y.<\/strong><\/b><\/span><\/em><\/p><p><em><span class=\"OYPEnA text-decoration-none text-strikethrough-none\"><b><strong>Kobieta, kt\u00f3ra utkn\u0119\u0142a na stanowisku<\/strong><\/b><\/span>\u00a0<br \/>i chce awansu.<\/em><\/p>\t\t\t\t\t\t<\/div>\n\t\t\t\t<\/div>\n\t\t\t\t\t<\/div>\n\t\t<\/div>\n\t\t\t\t<div class=\"elementor-column elementor-col-33 elementor-top-column elementor-element elementor-element-3f323d7\" data-id=\"3f323d7\" data-element_type=\"column\">\n\t\t\t<div class=\"elementor-widget-wrap elementor-element-populated\">\n\t\t\t\t\t\t\t\t<div class=\"elementor-element elementor-element-1397db3 animated-slow elementor-invisible elementor-widget elementor-widget-image\" data-id=\"1397db3\" data-element_type=\"widget\" data-settings=\"{&quot;_animation&quot;:&quot;fadeIn&quot;,&quot;_animation_delay&quot;:400}\" data-widget_type=\"image.default\">\n\t\t\t\t<div class=\"elementor-widget-container\">\n\t\t\t<style>\/*! elementor - v3.17.0 - 08-11-2023 *\/\n.elementor-widget-image{text-align:center}.elementor-widget-image a{display:inline-block}.elementor-widget-image a img[src$=\".svg\"]{width:48px}.elementor-widget-image img{vertical-align:middle;display:inline-block}<\/style>\t\t\t\t\t\t\t\t\t\t\t\t<img decoding=\"async\" src=\"https:\/\/katebutton.com\/wp-content\/uploads\/elementor\/thumbs\/28A75761-scaled-qj2vwqilq0yydwer7ikw0g4m3fujk0r6qn869p5t6o.jpg\" title=\"_28A7576(1)\" alt=\"_28A7576(1)\" loading=\"lazy\" \/>\t\t\t\t\t\t\t\t\t\t\t\t\t\t\t<\/div>\n\t\t\t\t<\/div>\n\t\t\t\t\t<\/div>\n\t\t<\/div>\n\t\t\t\t<div class=\"elementor-column elementor-col-33 elementor-top-column elementor-element elementor-element-df259e1\" data-id=\"df259e1\" data-element_type=\"column\">\n\t\t\t<div class=\"elementor-widget-wrap elementor-element-populated\">\n\t\t\t\t\t\t\t\t<div class=\"elementor-element elementor-element-a489864 animated-slow elementor-invisible elementor-widget elementor-widget-text-editor\" data-id=\"a489864\" data-element_type=\"widget\" data-settings=\"{&quot;_animation&quot;:&quot;fadeInRight&quot;,&quot;_animation_mobile&quot;:&quot;fadeIn&quot;}\" data-widget_type=\"text-editor.default\">\n\t\t\t\t<div class=\"elementor-widget-container\">\n\t\t\t\t\t\t\t<p><em><strong><span class=\"OYPEnA text-decoration-none text-strikethrough-none\"><b><strong>Kobieta, kt\u00f3ra chce zmieni\u0107 swoje \u017cycie<\/strong><\/b><\/span><\/strong>\u00a0<br \/>i nie odpu\u015bci dop\u00f3ki tak si\u0119 nie stanie.<\/em><\/p><p><em><strong><span class=\"OYPEnA text-decoration-none text-strikethrough-none\"><b><strong>Kobieta, potrzebuj\u0105ca podmuchu w skrzyd\u0142a,<\/strong><\/b><\/span><\/strong>\u00a0aby przypomnie\u0107 jej, \u017ce je ma.<\/em><\/p><p><em><strong><span class=\"OYPEnA text-decoration-none text-strikethrough-none\"><b><strong>Kobieta, kt\u00f3ra daje z siebie zbyt du\u017co,<\/strong><\/b><\/span><\/strong>\u00a0maj\u0105c poczucie, \u017ce jest niewystarczaj\u0105ca i musi zas\u0142u\u017cy\u0107.<\/em><\/p><p><em><strong><span class=\"OYPEnA text-decoration-none text-strikethrough-none\"><b><strong>Kobieta, kt\u00f3rej brakuje poczucia bezpiecze\u0144stwa<\/strong><\/b><\/span><\/strong>\u00a0i oczekuje go od innych.<\/em><\/p>\t\t\t\t\t\t<\/div>\n\t\t\t\t<\/div>\n\t\t\t\t\t<\/div>\n\t\t<\/div>\n\t\t\t\t\t\t\t<\/div>\n\t\t<\/section>\n\t\t\t\t<section class=\"elementor-section elementor-top-section elementor-element elementor-element-135bb18 animated-slow elementor-section-boxed elementor-section-height-default elementor-section-height-default elementor-invisible\" data-id=\"135bb18\" data-element_type=\"section\" data-settings=\"{&quot;animation&quot;:&quot;fadeIn&quot;,&quot;animation_delay&quot;:500,&quot;_ha_eqh_enable&quot;:false}\">\n\t\t\t\t\t\t\t<div class=\"elementor-background-overlay\"><\/div>\n\t\t\t\t\t\t\t<div class=\"elementor-container elementor-column-gap-default\">\n\t\t\t\t\t<div class=\"elementor-column elementor-col-33 elementor-top-column elementor-element elementor-element-96c5bb7\" data-id=\"96c5bb7\" data-element_type=\"column\">\n\t\t\t<div class=\"elementor-widget-wrap elementor-element-populated\">\n\t\t\t\t\t\t\t\t<div class=\"elementor-element elementor-element-b853e8e animated-slow elementor-invisible elementor-widget elementor-widget-image\" data-id=\"b853e8e\" data-element_type=\"widget\" data-settings=\"{&quot;_animation&quot;:&quot;fadeInRight&quot;,&quot;_animation_mobile&quot;:&quot;fadeIn&quot;}\" data-widget_type=\"image.default\">\n\t\t\t\t<div class=\"elementor-widget-container\">\n\t\t\t\t\t\t\t\t\t\t\t\t\t\t\t<img decoding=\"async\" src=\"https:\/\/katebutton.com\/wp-content\/uploads\/elementor\/thumbs\/28A7513-scaled-qj2vx9bdipoou3ng5qpfebdtz59vtytth89vv8dxq8.jpg\" title=\"_28A7513\" alt=\"_28A7513\" loading=\"lazy\" \/>\t\t\t\t\t\t\t\t\t\t\t\t\t\t\t<\/div>\n\t\t\t\t<\/div>\n\t\t\t\t\t<\/div>\n\t\t<\/div>\n\t\t\t\t<div class=\"elementor-column elementor-col-33 elementor-top-column elementor-element elementor-element-1d7f71a\" data-id=\"1d7f71a\" data-element_type=\"column\">\n\t\t\t<div class=\"elementor-widget-wrap elementor-element-populated\">\n\t\t\t\t\t\t\t\t<div class=\"elementor-element elementor-element-eb6df01 animated-slow elementor-invisible elementor-widget elementor-widget-text-editor\" data-id=\"eb6df01\" data-element_type=\"widget\" data-settings=\"{&quot;_animation&quot;:&quot;fadeInRight&quot;,&quot;_animation_mobile&quot;:&quot;fadeIn&quot;}\" data-widget_type=\"text-editor.default\">\n\t\t\t\t<div class=\"elementor-widget-container\">\n\t\t\t\t\t\t\t<p><em><span class=\"OYPEnA text-decoration-none text-strikethrough-none\"><b><strong>Kobieta, kt\u00f3ra ma \u015bwietny pomys\u0142 na biznes,<\/strong><\/b><\/span>\u00a0a ukrywa go przed \u015bwiatem.<\/em><\/p><p><em><span class=\"OYPEnA text-decoration-none text-strikethrough-none\"><b><strong>Kobieta, kt\u00f3ra ma pasje<\/strong><\/b><\/span><\/em><br \/><em>i nie wie jak to pogodzi\u0107 z prac\u0105.<\/em><\/p><p><em><span class=\"OYPEnA text-decoration-none text-strikethrough-none\"><b><strong>Kobieta, kt\u00f3ra pragnie rozwoju,<\/strong><\/b><\/span>\u00a0a czuje, \u017ce jej nogi utkn\u0119\u0142y\u00a0<\/em><em>w betonie.<\/em><\/p><p><em><span class=\"OYPEnA text-decoration-none text-strikethrough-none\"><b><strong>Kobieta, kt\u00f3ra boi si\u0119 podj\u0105\u0107 decyzj\u0119<\/strong><\/b><\/span>\u00a0<br \/>i pope\u0142niania b\u0142\u0119d\u00f3w.<\/em><\/p><p><em><span class=\"OYPEnA text-decoration-none text-strikethrough-none\"><b><strong>Kobieta, kt\u00f3r\u0105 parali\u017cuje odpowiedzialno\u015b\u0107,<\/strong><\/b><\/span>\u00a0opinie innych <br \/>i nie wierzy w siebie.<\/em><\/p>\t\t\t\t\t\t<\/div>\n\t\t\t\t<\/div>\n\t\t\t\t\t<\/div>\n\t\t<\/div>\n\t\t\t\t<div class=\"elementor-column elementor-col-33 elementor-top-column elementor-element elementor-element-3634406\" data-id=\"3634406\" data-element_type=\"column\">\n\t\t\t<div class=\"elementor-widget-wrap elementor-element-populated\">\n\t\t\t\t\t\t\t\t<div class=\"elementor-element elementor-element-8709095 animated-slow elementor-invisible elementor-widget elementor-widget-text-editor\" data-id=\"8709095\" data-element_type=\"widget\" data-settings=\"{&quot;_animation&quot;:&quot;fadeInRight&quot;,&quot;_animation_mobile&quot;:&quot;fadeIn&quot;}\" data-widget_type=\"text-editor.default\">\n\t\t\t\t<div class=\"elementor-widget-container\">\n\t\t\t\t\t\t\t<p><em><span class=\"OYPEnA text-decoration-none text-strikethrough-none\"><b><strong>Kobieta, kt\u00f3rej marzy si\u0119 torebka Diora,<\/strong><\/b><\/span>\u00a0ale twierdzi, \u017ce na ni\u0105 nie zas\u0142uguje, \u017ce j\u0105 na ni\u0105 nie sta\u0107 lub \u017ce s\u0105 wa\u017cniejsze sprawy ni\u017c ona sama.<\/em><\/p><p><em><span class=\"OYPEnA text-decoration-none text-strikethrough-none\"><b><strong>Kobieta, kt\u00f3ra marzy aby poczu\u0107 obfito\u015b\u0107 finansow\u0105 <\/strong><\/b><\/span>i pragnie nadawa\u0107 warto\u015b\u0107 wszystkiemu czego si\u0119 dotknie.<\/em><\/p><p><em><span class=\"OYPEnA text-decoration-none text-strikethrough-none\"><b><strong>Kobieta, kt\u00f3ra chcia\u0142aby skutecznie delegowa\u0107<\/strong><\/b><\/span> zadania i <span class=\"OYPEnA text-decoration-none text-strikethrough-none\"><b><strong>skutecznie komunikowa\u0107 si\u0119<\/strong><\/b><\/span>\u00a0w miejscu pracy.<\/em><\/p>\t\t\t\t\t\t<\/div>\n\t\t\t\t<\/div>\n\t\t\t\t\t<\/div>\n\t\t<\/div>\n\t\t\t\t\t\t\t<\/div>\n\t\t<\/section>\n\t\t\t\t<section class=\"elementor-section elementor-top-section elementor-element elementor-element-8216572 animated-slow elementor-section-boxed elementor-section-height-default elementor-section-height-default elementor-invisible\" data-id=\"8216572\" data-element_type=\"section\" data-settings=\"{&quot;animation&quot;:&quot;fadeIn&quot;,&quot;animation_delay&quot;:500,&quot;background_background&quot;:&quot;classic&quot;,&quot;_ha_eqh_enable&quot;:false}\">\n\t\t\t\t\t\t<div class=\"elementor-container elementor-column-gap-default\">\n\t\t\t\t\t<div class=\"elementor-column elementor-col-33 elementor-top-column elementor-element elementor-element-db42d74\" data-id=\"db42d74\" data-element_type=\"column\">\n\t\t\t<div class=\"elementor-widget-wrap elementor-element-populated\">\n\t\t\t\t\t\t\t\t<div class=\"elementor-element elementor-element-9be02c1 animated-slow elementor-invisible elementor-widget elementor-widget-text-editor\" data-id=\"9be02c1\" data-element_type=\"widget\" data-settings=\"{&quot;_animation&quot;:&quot;fadeInLeft&quot;,&quot;_animation_mobile&quot;:&quot;fadeIn&quot;}\" data-widget_type=\"text-editor.default\">\n\t\t\t\t<div class=\"elementor-widget-container\">\n\t\t\t\t\t\t\t<p><em><span class=\"OYPEnA text-decoration-none text-strikethrough-none\"><b><strong>Kobieta dla kt\u00f3rej czas jest bardzo cenny<\/strong><\/b><\/span>\u00a0<br \/>i chcia\u0142aby \u017cy\u0107 pe\u0142n\u0105 piersi\u0105, spe\u0142niona, szcz\u0119\u015bliwa, lekka.<\/em><\/p><p><em><span class=\"OYPEnA text-decoration-none text-strikethrough-none\"><b><strong>Kobieta &#8216;Zosia Samosia&#8221;,<\/strong><\/b><\/span>\u00a0kt\u00f3ra ju\u017c nie chce pada\u0107 na twarz ze zm\u0119czenia i kt\u00f3rej \u017cycie prywatne ucieka przez palce.<\/em><\/p><p><em><span class=\"OYPEnA text-decoration-none text-strikethrough-none\"><b><strong>Kobieta, kt\u00f3r\u0105 parali\u017cuje strach przed pora\u017ck\u0105 lub sukcesem<\/strong><\/b><\/span>\u00a0bo co, je\u015bli si\u0119 uda?<\/em><\/p><p><em><span class=\"OYPEnA text-decoration-none text-strikethrough-none\"><b><strong>Kobieta, kt\u00f3ra pragnie spokoju, balansu <br \/>i harmonii<\/strong><\/b><\/span>\u00a0pomi\u0119dzy \u017cyciem osobistym <br \/>a biznesowym.<\/em><\/p>\t\t\t\t\t\t<\/div>\n\t\t\t\t<\/div>\n\t\t\t\t<section class=\"elementor-section elementor-inner-section elementor-element elementor-element-ae3dc5a elementor-hidden-desktop elementor-hidden-tablet elementor-section-boxed elementor-section-height-default elementor-section-height-default\" data-id=\"ae3dc5a\" data-element_type=\"section\" data-settings=\"{&quot;_ha_eqh_enable&quot;:false}\">\n\t\t\t\t\t\t<div class=\"elementor-container elementor-column-gap-default\">\n\t\t\t\t\t<div class=\"elementor-column elementor-col-100 elementor-inner-column elementor-element elementor-element-d3a952c\" data-id=\"d3a952c\" data-element_type=\"column\">\n\t\t\t<div class=\"elementor-widget-wrap elementor-element-populated\">\n\t\t\t\t\t\t\t\t<div class=\"elementor-element elementor-element-0e93f28 animated-slow elementor-invisible elementor-widget elementor-widget-image\" data-id=\"0e93f28\" data-element_type=\"widget\" data-settings=\"{&quot;_animation&quot;:&quot;fadeInLeft&quot;,&quot;_animation_mobile&quot;:&quot;fadeIn&quot;}\" data-widget_type=\"image.default\">\n\t\t\t\t<div class=\"elementor-widget-container\">\n\t\t\t\t\t\t\t\t\t\t\t\t\t\t\t<img decoding=\"async\" src=\"https:\/\/katebutton.com\/wp-content\/uploads\/elementor\/thumbs\/28A7540-scaled-qj2vxr6b4kd4yoxi9gfc7ovl9gtuw7spvoo3zhngg0.jpg\" title=\"_28A7540\" alt=\"_28A7540\" loading=\"lazy\" \/>\t\t\t\t\t\t\t\t\t\t\t\t\t\t\t<\/div>\n\t\t\t\t<\/div>\n\t\t\t\t\t<\/div>\n\t\t<\/div>\n\t\t\t\t\t\t\t<\/div>\n\t\t<\/section>\n\t\t\t\t\t<\/div>\n\t\t<\/div>\n\t\t\t\t<div class=\"elementor-column elementor-col-33 elementor-top-column elementor-element elementor-element-475aa67\" data-id=\"475aa67\" data-element_type=\"column\">\n\t\t\t<div class=\"elementor-widget-wrap elementor-element-populated\">\n\t\t\t\t\t\t\t\t<div class=\"elementor-element elementor-element-4a6fef6 elementor-widget__width-initial animated-slow elementor-invisible elementor-widget elementor-widget-text-editor\" data-id=\"4a6fef6\" data-element_type=\"widget\" data-settings=\"{&quot;_animation&quot;:&quot;fadeInLeft&quot;,&quot;_animation_mobile&quot;:&quot;fadeIn&quot;}\" data-widget_type=\"text-editor.default\">\n\t\t\t\t<div class=\"elementor-widget-container\">\n\t\t\t\t\t\t\t<p class=\"cvGsUA direction-ltr align-center para-style-body\">Bez wzgl\u0119du na to, <br \/>jak trudna jest przesz\u0142o\u015b\u0107, <br \/>zawsze mo\u017cesz <br \/>zacz\u0105\u0107 od nowa <br \/>i zdecydowa\u0107, \u017ce <br \/>\u201cod dzi\u015b wybieram inaczej\u201d.<\/p>\t\t\t\t\t\t<\/div>\n\t\t\t\t<\/div>\n\t\t\t\t<div class=\"elementor-element elementor-element-5c10721 animated-slow elementor-widget__width-initial elementor-invisible elementor-widget elementor-widget-image\" data-id=\"5c10721\" data-element_type=\"widget\" data-settings=\"{&quot;_animation&quot;:&quot;fadeIn&quot;,&quot;_animation_delay&quot;:200}\" data-widget_type=\"image.default\">\n\t\t\t\t<div class=\"elementor-widget-container\">\n\t\t\t\t\t\t\t\t\t\t\t\t\t\t\t<img loading=\"lazy\" decoding=\"async\" width=\"551\" height=\"126\" src=\"https:\/\/katebutton.com\/wp-content\/uploads\/2024\/03\/a-co-jesli.png\" class=\"attachment-large size-large wp-image-1435\" alt=\"\" srcset=\"https:\/\/katebutton.com\/wp-content\/uploads\/2024\/03\/a-co-jesli.png 551w, https:\/\/katebutton.com\/wp-content\/uploads\/2024\/03\/a-co-jesli-300x69.png 300w\" sizes=\"auto, (max-width: 551px) 100vw, 551px\" \/>\t\t\t\t\t\t\t\t\t\t\t\t\t\t\t<\/div>\n\t\t\t\t<\/div>\n\t\t\t\t<div class=\"elementor-element elementor-element-7bdbf94 elementor-widget__width-initial elementor-invisible elementor-widget elementor-widget-text-editor\" data-id=\"7bdbf94\" data-element_type=\"widget\" data-settings=\"{&quot;_animation&quot;:&quot;bounceIn&quot;,&quot;_animation_delay&quot;:500}\" data-widget_type=\"text-editor.default\">\n\t\t\t\t<div class=\"elementor-widget-container\">\n\t\t\t\t\t\t\t<p class=\"cvGsUA direction-ltr align-center para-style-body\"><em>z mi\u0142o\u015bci\u0105 <b><img decoding=\"async\" class=\"emoji\" role=\"img\" draggable=\"false\" src=\"https:\/\/s.w.org\/images\/core\/emoji\/14.0.0\/svg\/2764.svg\" alt=\"\u2764\" \/><\/b><\/em><\/p>\t\t\t\t\t\t<\/div>\n\t\t\t\t<\/div>\n\t\t\t\t<div class=\"elementor-element elementor-element-7a231bf animated-slow elementor-invisible elementor-widget elementor-widget-image\" data-id=\"7a231bf\" data-element_type=\"widget\" data-settings=\"{&quot;_animation&quot;:&quot;fadeIn&quot;,&quot;_animation_delay&quot;:1000}\" data-widget_type=\"image.default\">\n\t\t\t\t<div class=\"elementor-widget-container\">\n\t\t\t\t\t\t\t\t\t\t\t\t\t\t\t<img loading=\"lazy\" decoding=\"async\" width=\"415\" height=\"139\" src=\"https:\/\/katebutton.com\/wp-content\/uploads\/2024\/03\/kate.png\" class=\"attachment-large size-large wp-image-1408\" alt=\"\" srcset=\"https:\/\/katebutton.com\/wp-content\/uploads\/2024\/03\/kate.png 415w, https:\/\/katebutton.com\/wp-content\/uploads\/2024\/03\/kate-300x100.png 300w\" sizes=\"auto, (max-width: 415px) 100vw, 415px\" \/>\t\t\t\t\t\t\t\t\t\t\t\t\t\t\t<\/div>\n\t\t\t\t<\/div>\n\t\t\t\t\t<\/div>\n\t\t<\/div>\n\t\t\t\t<div class=\"elementor-column elementor-col-33 elementor-top-column elementor-element elementor-element-2083957\" data-id=\"2083957\" data-element_type=\"column\">\n\t\t\t<div class=\"elementor-widget-wrap elementor-element-populated\">\n\t\t\t\t\t\t\t\t<div class=\"elementor-element elementor-element-53a3eb0 animated-slow elementor-hidden-mobile elementor-invisible elementor-widget elementor-widget-image\" data-id=\"53a3eb0\" data-element_type=\"widget\" data-settings=\"{&quot;_animation&quot;:&quot;fadeInLeft&quot;,&quot;_animation_delay&quot;:700}\" data-widget_type=\"image.default\">\n\t\t\t\t<div class=\"elementor-widget-container\">\n\t\t\t\t\t\t\t\t\t\t\t\t\t\t\t<img decoding=\"async\" src=\"https:\/\/katebutton.com\/wp-content\/uploads\/elementor\/thumbs\/28A7540-scaled-qj2vxr6b4kd4yoxi9gfc7ovl9gtuw7spvoo3zhngg0.jpg\" title=\"_28A7540\" alt=\"_28A7540\" loading=\"lazy\" \/>\t\t\t\t\t\t\t\t\t\t\t\t\t\t\t<\/div>\n\t\t\t\t<\/div>\n\t\t\t\t\t<\/div>\n\t\t<\/div>\n\t\t\t\t\t\t\t<\/div>\n\t\t<\/section>\n\t\t\t\t\t\t\t<\/div>\n\t\t","protected":false},"excerpt":{"rendered":"<p>Kto ze mn\u0105 PRACUJE? KOBIETA BIZNESU Kobieta Szefowa wszystkich Szef\u00f3w,\u00a0kt\u00f3ra ma wyzwanie z zarz\u0105dzaniem w\u0142asn\u0105 firm\u0105, swoim zespo\u0142em i u\u0142o\u017ceniem dobrze funkcjonuj\u0105cej struktury. Kobieta, kt\u00f3ra chce tworzy\u0107 mocne i trwa\u0142e zespo\u0142y. Kobieta, kt\u00f3ra utkn\u0119\u0142a na stanowisku\u00a0i chce awansu. Kobieta, kt\u00f3ra chce zmieni\u0107 swoje \u017cycie\u00a0i nie odpu\u015bci dop\u00f3ki tak si\u0119 nie stanie. Kobieta, potrzebuj\u0105ca podmuchu w&hellip;&nbsp;<a href=\"https:\/\/katebutton.com\/?page_id=79\" class=\"\" rel=\"bookmark\">Czytaj dalej &raquo;<span class=\"screen-reader-text\">Tw\u00f3j proces<\/span><\/a><\/p>\n","protected":false},"author":1,"featured_media":0,"parent":0,"menu_order":0,"comment_status":"closed","ping_status":"closed","template":"page-templates\/template-pagebuilder-full-width.php","meta":{"neve_meta_sidebar":"","neve_meta_container":"","neve_meta_enable_content_width":"","neve_meta_content_width":0,"neve_meta_title_alignment":"","neve_meta_author_avatar":"","neve_post_elements_order":"","neve_meta_disable_header":"","neve_meta_disable_footer":"","neve_meta_disable_title":"","_themeisle_gutenberg_block_has_review":false,"footnotes":""},"class_list":["post-79","page","type-page","status-publish","hentry"],"_links":{"self":[{"href":"https:\/\/katebutton.com\/index.php?rest_route=\/wp\/v2\/pages\/79","targetHints":{"allow":["GET"]}}],"collection":[{"href":"https:\/\/katebutton.com\/index.php?rest_route=\/wp\/v2\/pages"}],"about":[{"href":"https:\/\/katebutton.com\/index.php?rest_route=\/wp\/v2\/types\/page"}],"author":[{"embeddable":true,"href":"https:\/\/katebutton.com\/index.php?rest_route=\/wp\/v2\/users\/1"}],"replies":[{"embeddable":true,"href":"https:\/\/katebutton.com\/index.php?rest_route=%2Fwp%2Fv2%2Fcomments&post=79"}],"version-history":[{"count":172,"href":"https:\/\/katebutton.com\/index.php?rest_route=\/wp\/v2\/pages\/79\/revisions"}],"predecessor-version":[{"id":1760,"href":"https:\/\/katebutton.com\/index.php?rest_route=\/wp\/v2\/pages\/79\/revisions\/1760"}],"wp:attachment":[{"href":"https:\/\/katebutton.com\/index.php?rest_route=%2Fwp%2Fv2%2Fmedia&parent=79"}],"curies":[{"name":"wp","href":"https:\/\/api.w.org\/{rel}","templated":true}]}}